{"id":7208,"date":"2025-01-27T00:33:18","date_gmt":"2025-01-26T21:33:18","guid":{"rendered":"https:\/\/doc.com.tr\/?page_id=7208"},"modified":"2025-01-27T01:09:49","modified_gmt":"2025-01-26T22:09:49","slug":"doc-suites","status":"publish","type":"page","link":"https:\/\/doc.com.tr\/en\/doc-suites\/","title":{"rendered":"DOC SUITES"},"content":{"rendered":"\t\t<div data-elementor-type=\"wp-page\" data-elementor-id=\"7208\" class=\"elementor elementor-7208\" data-elementor-post-type=\"page\">\n\t\t\t\t<div class=\"elementor-element elementor-element-c3aca9c e-con-full e-flex e-con e-parent\" data-id=\"c3aca9c\" data-element_type=\"container\">\n\t\t<div class=\"elementor-element elementor-element-52ee57b e-con-full e-flex e-con e-child\" data-id=\"52ee57b\" data-element_type=\"container\">\n\t\t\t\t<div class=\"elementor-element elementor-element-f5563a3 elementor-widget__width-inherit elementor-widget elementor-widget-gallery\" data-id=\"f5563a3\" data-element_type=\"widget\" data-settings=\"{&quot;columns&quot;:2,&quot;gap&quot;:{&quot;unit&quot;:&quot;px&quot;,&quot;size&quot;:1,&quot;sizes&quot;:[]},&quot;aspect_ratio&quot;:&quot;21:9&quot;,&quot;lazyload&quot;:&quot;yes&quot;,&quot;gallery_layout&quot;:&quot;grid&quot;,&quot;columns_tablet&quot;:2,&quot;columns_mobile&quot;:1,&quot;gap_tablet&quot;:{&quot;unit&quot;:&quot;px&quot;,&quot;size&quot;:10,&quot;sizes&quot;:[]},&quot;gap_mobile&quot;:{&quot;unit&quot;:&quot;px&quot;,&quot;size&quot;:10,&quot;sizes&quot;:[]},&quot;link_to&quot;:&quot;file&quot;,&quot;overlay_background&quot;:&quot;yes&quot;,&quot;content_hover_animation&quot;:&quot;fade-in&quot;}\" data-widget_type=\"gallery.default\">\n\t\t\t\t<div class=\"elementor-widget-container\">\n\t\t\t\t\t\t\t<div class=\"elementor-gallery__container\">\n\t\t\t\t\t\t\t<a class=\"e-gallery-item elementor-gallery-item elementor-animated-content\" href=\"https:\/\/doc.com.tr\/wp-content\/uploads\/2025\/01\/suit.jpg\" data-elementor-open-lightbox=\"yes\" data-elementor-lightbox-slideshow=\"f5563a3\" data-elementor-lightbox-title=\"suit\" data-e-action-hash=\"#elementor-action%3Aaction%3Dlightbox%26settings%3DeyJpZCI6NzE5NywidXJsIjoiaHR0cHM6XC9cL2RvYy5jb20udHJcL3dwLWNvbnRlbnRcL3VwbG9hZHNcLzIwMjVcLzAxXC9zdWl0LmpwZyIsInNsaWRlc2hvdyI6ImY1NTYzYTMifQ%3D%3D\">\n\t\t\t\t\t<div class=\"e-gallery-image elementor-gallery-item__image\" data-thumbnail=\"https:\/\/doc.com.tr\/wp-content\/uploads\/2025\/01\/suit-600x400.jpg\" data-width=\"600\" data-height=\"400\" aria-label=\"\" role=\"img\" ><\/div>\n\t\t\t\t\t\t\t\t\t\t\t<div class=\"elementor-gallery-item__overlay\"><\/div>\n\t\t\t\t\t\t\t\t\t\t\t\t\t\t<\/a>\n\t\t\t\t\t\t\t<a class=\"e-gallery-item elementor-gallery-item elementor-animated-content\" href=\"https:\/\/doc.com.tr\/wp-content\/uploads\/2025\/01\/sutiess.jpg\" data-elementor-open-lightbox=\"yes\" data-elementor-lightbox-slideshow=\"f5563a3\" data-elementor-lightbox-title=\"sutiess\" data-e-action-hash=\"#elementor-action%3Aaction%3Dlightbox%26settings%3DeyJpZCI6NzIxMCwidXJsIjoiaHR0cHM6XC9cL2RvYy5jb20udHJcL3dwLWNvbnRlbnRcL3VwbG9hZHNcLzIwMjVcLzAxXC9zdXRpZXNzLmpwZyIsInNsaWRlc2hvdyI6ImY1NTYzYTMifQ%3D%3D\">\n\t\t\t\t\t<div class=\"e-gallery-image elementor-gallery-item__image\" data-thumbnail=\"https:\/\/doc.com.tr\/wp-content\/uploads\/2025\/01\/sutiess-600x400.jpg\" data-width=\"600\" data-height=\"400\" aria-label=\"\" role=\"img\" ><\/div>\n\t\t\t\t\t\t\t\t\t\t\t<div class=\"elementor-gallery-item__overlay\"><\/div>\n\t\t\t\t\t\t\t\t\t\t\t\t\t\t<\/a>\n\t\t\t\t\t\t\t<a class=\"e-gallery-item elementor-gallery-item elementor-animated-content\" href=\"https:\/\/doc.com.tr\/wp-content\/uploads\/2025\/01\/suitesd.jpg\" data-elementor-open-lightbox=\"yes\" data-elementor-lightbox-slideshow=\"f5563a3\" data-elementor-lightbox-title=\"suitesd\" data-e-action-hash=\"#elementor-action%3Aaction%3Dlightbox%26settings%3DeyJpZCI6NzIxMiwidXJsIjoiaHR0cHM6XC9cL2RvYy5jb20udHJcL3dwLWNvbnRlbnRcL3VwbG9hZHNcLzIwMjVcLzAxXC9zdWl0ZXNkLmpwZyIsInNsaWRlc2hvdyI6ImY1NTYzYTMifQ%3D%3D\">\n\t\t\t\t\t<div class=\"e-gallery-image elementor-gallery-item__image\" data-thumbnail=\"https:\/\/doc.com.tr\/wp-content\/uploads\/2025\/01\/suitesd-600x400.jpg\" data-width=\"600\" data-height=\"400\" aria-label=\"\" role=\"img\" ><\/div>\n\t\t\t\t\t\t\t\t\t\t\t<div class=\"elementor-gallery-item__overlay\"><\/div>\n\t\t\t\t\t\t\t\t\t\t\t\t\t\t<\/a>\n\t\t\t\t\t\t\t<a class=\"e-gallery-item elementor-gallery-item elementor-animated-content\" href=\"https:\/\/doc.com.tr\/wp-content\/uploads\/2025\/01\/suiti.jpg\" data-elementor-open-lightbox=\"yes\" data-elementor-lightbox-slideshow=\"f5563a3\" data-elementor-lightbox-title=\"suiti\" data-e-action-hash=\"#elementor-action%3Aaction%3Dlightbox%26settings%3DeyJpZCI6NzIxNSwidXJsIjoiaHR0cHM6XC9cL2RvYy5jb20udHJcL3dwLWNvbnRlbnRcL3VwbG9hZHNcLzIwMjVcLzAxXC9zdWl0aS5qcGciLCJzbGlkZXNob3ciOiJmNTU2M2EzIn0%3D\">\n\t\t\t\t\t<div class=\"e-gallery-image elementor-gallery-item__image\" data-thumbnail=\"https:\/\/doc.com.tr\/wp-content\/uploads\/2025\/01\/suiti-600x400.jpg\" data-width=\"600\" data-height=\"400\" aria-label=\"\" role=\"img\" ><\/div>\n\t\t\t\t\t\t\t\t\t\t\t<div class=\"elementor-gallery-item__overlay\"><\/div>\n\t\t\t\t\t\t\t\t\t\t\t\t\t\t<\/a>\n\t\t\t\t\t<\/div>\n\t\t\t\t\t<\/div>\n\t\t\t\t<\/div>\n\t\t\t\t<\/div>\n\t\t\t\t<\/div>\n\t\t\t\t<section class=\"elementor-section elementor-top-section elementor-element elementor-element-2f2a3bf elementor-section-boxed elementor-section-height-default elementor-section-height-default\" data-id=\"2f2a3bf\" data-element_type=\"section\" data-settings=\"{&quot;background_background&quot;:&quot;classic&quot;}\">\n\t\t\t\t\t\t<div class=\"elementor-container elementor-column-gap-extended\">\n\t\t\t\t\t<div class=\"elementor-column elementor-col-100 elementor-top-column elementor-element elementor-element-e19273c\" data-id=\"e19273c\" data-element_type=\"column\">\n\t\t\t<div class=\"elementor-widget-wrap elementor-element-populated\">\n\t\t\t\t\t\t<section class=\"elementor-section elementor-inner-section elementor-element elementor-element-cb96224 elementor-section-full_width elementor-section-height-default elementor-section-height-default\" data-id=\"cb96224\" data-element_type=\"section\">\n\t\t\t\t\t\t<div class=\"elementor-container elementor-column-gap-no\">\n\t\t\t\t\t<div class=\"elementor-column elementor-col-100 elementor-inner-column elementor-element elementor-element-60feb5f\" data-id=\"60feb5f\" data-element_type=\"column\">\n\t\t\t<div class=\"elementor-widget-wrap elementor-element-populated\">\n\t\t\t\t\t\t<div class=\"elementor-element elementor-element-cb71e8f elementor-widget__width-inherit elementor-widget elementor-widget-tf-title-section\" data-id=\"cb71e8f\" data-element_type=\"widget\" data-widget_type=\"tf-title-section.default\">\n\t\t\t\t<div class=\"elementor-widget-container\">\n\t\t\t\t\t<div id=\"tf-title-section-cb71e8f\" class=\"tf-title-section\" data-tabid=\"cb71e8f\"> \r\n\t\t\t\t\r\n\t\t\t<div class=\"title-section\">\r\n\t\t\t\t<div class=\"before-heading\">DOC SUITES<\/div>\r\n\t\t\t\t\r\n\t\t\t\t<div class=\"sub-title\"><p>Added to our portfolio in the summer of 2023, our small boutique development; Doc Suites, is located in a quiet residential area of \u00c7al\u0131\u015f and offers patients a clean, stylish and peaceful accommodation option on a room only basis. This delightful development of 7 modern double rooms offers a beautiful, shared pool and sun loungers to relax on in between dental appointments or when not exploring all that Fethiye has to offer as a popular tourist destination.<\/p><p>\u00a0<\/p><h3><strong>DEDICATED PATIENT TRANSPORTATION SERVICE<\/strong><\/h3><p><strong>\u00a0<\/strong><\/p><p>Whether you are staying at our patient accommodation, a local hotel or perhaps you are lucky enough to own a villa or apartment in Fethiye yourself, our VIP patient transportation service will be available upon request to offer friendly and safe private return airport transfers (applicable for Dalaman Airport) and door to door collection\/drop off services in accordance with your appointment schedule during treatment.<\/p><\/div>\r\n\t\t\t<\/div>                \r\n            <\/div>\t\t\t\t<\/div>\n\t\t\t\t<\/div>\n\t\t\t\t\t<\/div>\n\t\t<\/div>\n\t\t\t\t\t<\/div>\n\t\t<\/section>\n\t\t\t\t<section class=\"elementor-section elementor-inner-section elementor-element elementor-element-11ee059 elementor-section-full_width tf-animated-column-elementor elementor-section-height-default elementor-section-height-default\" data-id=\"11ee059\" data-element_type=\"section\" data-settings=\"{&quot;background_background&quot;:&quot;classic&quot;}\">\n\t\t\t\t\t\t<div class=\"elementor-container elementor-column-gap-no\">\n\t\t\t\t\t<div class=\"elementor-column elementor-col-33 elementor-inner-column elementor-element elementor-element-da6d0ee\" data-id=\"da6d0ee\" data-element_type=\"column\">\n\t\t\t<div class=\"elementor-widget-wrap elementor-element-populated\">\n\t\t\t\t\t\t<div class=\"elementor-element elementor-element-a605b39 elementor-widget elementor-widget-tficonbox\" data-id=\"a605b39\" data-element_type=\"widget\" data-widget_type=\"tficonbox.default\">\n\t\t\t\t<div class=\"elementor-widget-container\">\n\t\t\t\t\t\t\t\t\t\t<div class=\"tficonbox top\">\n\t\t\t\t\t\n\t\t\t\t\t\t\t\t\t<div class=\"wrap-icon square\">\n\t\t\t\t\t\t<div class=\"wrap-icon-inner icon top-to-bottom\">\n\t\t\t\t\t\t\t<i aria-hidden=\"true\" class=\"carenowicon- carenow-icon-icon-pin1\"><\/i>\t\t\t\t\t\t<\/div>\n\t\t\t\t\t<\/div>\n\t\t\t\t\t\n\n\t\t\t\t<div class=\"content\">\n\t\t\t\t\t<h3 class=\"title\">Our address<\/h3>\n\t\t\t\t\t<div class=\"description\"><p>\u00d6l\u00fcdeniz, Atat\u00fcrk Cd. No:85\/1, 48300 Ovac\u0131k\/Fethiye\/Mu\u011fla, T\u00fcrkiye<\/p><\/div>\t\t\t\t\t\n\t\t\t\t\t\n\t\t\t\t<\/div>\n\t\t\t<\/div>\n\t\t\t\t\t\t<\/div>\n\t\t\t\t<\/div>\n\t\t\t\t\t<\/div>\n\t\t<\/div>\n\t\t\t\t<div class=\"elementor-column elementor-col-33 elementor-inner-column elementor-element elementor-element-b472b90\" data-id=\"b472b90\" data-element_type=\"column\">\n\t\t\t<div class=\"elementor-widget-wrap elementor-element-populated\">\n\t\t\t\t\t\t<div class=\"elementor-element elementor-element-e37259e elementor-widget elementor-widget-tficonbox\" data-id=\"e37259e\" data-element_type=\"widget\" data-widget_type=\"tficonbox.default\">\n\t\t\t\t<div class=\"elementor-widget-container\">\n\t\t\t\t\t\t\t\t\t\t<div class=\"tficonbox top\">\n\t\t\t\t\t\n\t\t\t\t\t\t\t\t\t<div class=\"wrap-icon square\">\n\t\t\t\t\t\t<div class=\"wrap-icon-inner icon top-to-bottom\">\n\t\t\t\t\t\t\t<i aria-hidden=\"true\" class=\"carenowicon- carenow-icon-icon-center1\"><\/i>\t\t\t\t\t\t<\/div>\n\t\t\t\t\t<\/div>\n\t\t\t\t\t\n\n\t\t\t\t<div class=\"content\">\n\t\t\t\t\t<h3 class=\"title\">Our Phone Numbers<\/h3>\n\t\t\t\t\t<div class=\"description\"><p>Telefon : +902526167555<br \/>Mobil : +9055238844448<\/p><\/div>\t\t\t\t\t\n\t\t\t\t\t\n\t\t\t\t<\/div>\n\t\t\t<\/div>\n\t\t\t\t\t\t<\/div>\n\t\t\t\t<\/div>\n\t\t\t\t\t<\/div>\n\t\t<\/div>\n\t\t\t\t<div class=\"elementor-column elementor-col-33 elementor-inner-column elementor-element elementor-element-fd342c6\" data-id=\"fd342c6\" data-element_type=\"column\">\n\t\t\t<div class=\"elementor-widget-wrap elementor-element-populated\">\n\t\t\t\t\t\t<div class=\"elementor-element elementor-element-4bd920f elementor-widget elementor-widget-tficonbox\" data-id=\"4bd920f\" data-element_type=\"widget\" data-widget_type=\"tficonbox.default\">\n\t\t\t\t<div class=\"elementor-widget-container\">\n\t\t\t\t\t\t\t\t\t\t<div class=\"tficonbox top\">\n\t\t\t\t\t\n\t\t\t\t\t\t\t\t\t<div class=\"wrap-icon square\">\n\t\t\t\t\t\t<div class=\"wrap-icon-inner icon top-to-bottom\">\n\t\t\t\t\t\t\t<i aria-hidden=\"true\" class=\"carenowicon- carenow-icon-icon-mail1\"><\/i>\t\t\t\t\t\t<\/div>\n\t\t\t\t\t<\/div>\n\t\t\t\t\t\n\n\t\t\t\t<div class=\"content\">\n\t\t\t\t\t<h3 class=\"title\">Our Email Address<\/h3>\n\t\t\t\t\t<div class=\"description\"><p>info@doc.com.tr<\/p><\/div>\t\t\t\t\t\n\t\t\t\t\t\n\t\t\t\t<\/div>\n\t\t\t<\/div>\n\t\t\t\t\t\t<\/div>\n\t\t\t\t<\/div>\n\t\t\t\t\t<\/div>\n\t\t<\/div>\n\t\t\t\t\t<\/div>\n\t\t<\/section>\n\t\t\t\t\t<\/div>\n\t\t<\/div>\n\t\t\t\t\t<\/div>\n\t\t<\/section>\n\t\t\t\t<section class=\"elementor-section elementor-top-section elementor-element elementor-element-7991608 tf-animated-column-elementor elementor-section-boxed elementor-section-height-default elementor-section-height-default\" data-id=\"7991608\" data-element_type=\"section\">\n\t\t\t\t\t\t<div class=\"elementor-container elementor-column-gap-extended\">\n\t\t\t\t\t<div class=\"elementor-column elementor-col-50 elementor-top-column elementor-element elementor-element-4956c1d\" data-id=\"4956c1d\" data-element_type=\"column\">\n\t\t\t<div class=\"elementor-widget-wrap elementor-element-populated\">\n\t\t\t\t\t\t<div class=\"elementor-element elementor-element-799b9b1 elementor-widget elementor-widget-tf-google_maps\" data-id=\"799b9b1\" data-element_type=\"widget\" data-widget_type=\"tf-google_maps.default\">\n\t\t\t\t<div class=\"elementor-widget-container\">\n\t\t\t\t\t\t\t<div class=\"elementor-custom-embed\">\n\t\t\t<iframe\n\t\t\t\t\tsrc=\"https:\/\/www.google.com\/maps\/embed\/v1\/place?key=AIzaSyAkwKzVoQQ1AdlmcRbLpAR2wqGPdfzR-sE&#038;q=DOC%20Fethiye%20A%C4%9F%C4%B1z%20ve%20Di%C5%9F%20Sa%C4%9Fl%C4%B1%C4%9F%C4%B1%20Poliklini%C4%9Fi%20-%20Dental%20Operation%20Center%20Ovac%C4%B1k%20%C5%9Eube&#038;zoom=9\"\n\t\t\t\t\ttitle=\"DOC Fethiye A\u011f\u0131z ve Di\u015f Sa\u011fl\u0131\u011f\u0131 Poliklini\u011fi - Dental Operation Center Ovac\u0131k \u015eube\"\n\t\t\t\t\taria-label=\"DOC Fethiye A\u011f\u0131z ve Di\u015f Sa\u011fl\u0131\u011f\u0131 Poliklini\u011fi - Dental Operation Center Ovac\u0131k \u015eube\"\n\t\t\t><\/iframe>\n\t\t<\/div>\n\t\t\t\t\t\t<\/div>\n\t\t\t\t<\/div>\n\t\t\t\t\t<\/div>\n\t\t<\/div>\n\t\t\t\t<div class=\"elementor-column elementor-col-50 elementor-top-column elementor-element elementor-element-5d51e8f\" data-id=\"5d51e8f\" data-element_type=\"column\">\n\t\t\t<div class=\"elementor-widget-wrap elementor-element-populated\">\n\t\t\t\t\t\t<div class=\"elementor-element elementor-element-476b75c elementor-widget elementor-widget-shortcode\" data-id=\"476b75c\" data-element_type=\"widget\" data-widget_type=\"shortcode.default\">\n\t\t\t\t<div class=\"elementor-widget-container\">\n\t\t\t\t\t\t\t<div class=\"elementor-shortcode\">\n<div class=\"wpcf7 no-js\" id=\"wpcf7-f6311-o1\" lang=\"en-US\" dir=\"ltr\" data-wpcf7-id=\"6311\">\n<div class=\"screen-reader-response\"><p role=\"status\" aria-live=\"polite\" aria-atomic=\"true\"><\/p> <ul><\/ul><\/div>\n<form action=\"\/en\/wp-json\/wp\/v2\/pages\/7208#wpcf7-f6311-o1\" method=\"post\" class=\"wpcf7-form init\" aria-label=\"Contact form\" novalidate=\"novalidate\" data-status=\"init\">\n<div style=\"display: none;\">\n<input type=\"hidden\" name=\"_wpcf7\" value=\"6311\" \/>\n<input type=\"hidden\" name=\"_wpcf7_version\" value=\"6.0.3\" \/>\n<input type=\"hidden\" name=\"_wpcf7_locale\" value=\"en_US\" \/>\n<input type=\"hidden\" name=\"_wpcf7_unit_tag\" value=\"wpcf7-f6311-o1\" \/>\n<input type=\"hidden\" name=\"_wpcf7_container_post\" value=\"0\" \/>\n<input type=\"hidden\" name=\"_wpcf7_posted_data_hash\" value=\"\" \/>\n<\/div>\n<div class=\"dark-form style1 row\">\n\t<div class=\"col-md-6\">\n\t\t<p><span class=\"wpcf7-form-control-wrap\" data-name=\"text-264\"><input size=\"40\" maxlength=\"400\" class=\"wpcf7-form-control wpcf7-text wpcf7-validates-as-required\" aria-required=\"true\" aria-invalid=\"false\" placeholder=\"Your Name\" value=\"\" type=\"text\" name=\"text-264\" \/><\/span>\n\t\t<\/p>\n\t<\/div>\n\t<div class=\"col-md-6\">\n\t\t<p><span class=\"wpcf7-form-control-wrap\" data-name=\"tel-507\"><input size=\"40\" maxlength=\"400\" class=\"wpcf7-form-control wpcf7-tel wpcf7-validates-as-required wpcf7-text wpcf7-validates-as-tel\" aria-required=\"true\" aria-invalid=\"false\" placeholder=\"Your phone\" value=\"\" type=\"tel\" name=\"tel-507\" \/><\/span>\n\t\t<\/p>\n\t<\/div>\n\t<div class=\"col-md-6\">\n\t\t<p><span class=\"wpcf7-form-control-wrap\" data-name=\"email-812\"><input size=\"40\" maxlength=\"400\" class=\"wpcf7-form-control wpcf7-email wpcf7-validates-as-required wpcf7-text wpcf7-validates-as-email\" aria-required=\"true\" aria-invalid=\"false\" placeholder=\"Your Mail Address\" value=\"\" type=\"email\" name=\"email-812\" \/><\/span>\n\t\t<\/p>\n\t<\/div>\n\t<div class=\"col-md-6\">\n\t\t<p><span class=\"wpcf7-form-control-wrap\" data-name=\"text-288\"><input size=\"40\" maxlength=\"400\" class=\"wpcf7-form-control wpcf7-text wpcf7-validates-as-required\" aria-required=\"true\" aria-invalid=\"false\" placeholder=\"Subject\" value=\"\" type=\"text\" name=\"text-288\" \/><\/span>\n\t\t<\/p>\n\t<\/div>\n\t<div class=\"col-md-12\">\n\t\t<p><span class=\"wpcf7-form-control-wrap\" data-name=\"textarea-474\"><textarea cols=\"40\" rows=\"10\" maxlength=\"2000\" class=\"wpcf7-form-control wpcf7-textarea wpcf7-validates-as-required\" aria-required=\"true\" aria-invalid=\"false\" placeholder=\"Your message\" name=\"textarea-474\"><\/textarea><\/span>\n\t\t<\/p>\n\t<\/div>\n\t<div class=\"col-md-12\">\n\t\t<p><button type=\"submit\">Send<\/button>\n\t\t<\/p>\n\t<\/div>\n<\/div><div class=\"wpcf7-response-output\" aria-hidden=\"true\"><\/div>\n<\/form>\n<\/div>\n<\/div>\n\t\t\t\t\t\t<\/div>\n\t\t\t\t<\/div>\n\t\t\t\t\t<\/div>\n\t\t<\/div>\n\t\t\t\t\t<\/div>\n\t\t<\/section>\n\t\t\t\t<\/div>\n\t\t","protected":false},"excerpt":{"rendered":"<p>DOC SUITES Added to our portfolio in the summer of 2023, our small boutique development; Doc Suites, is located in a quiet residential area of \u00c7al\u0131\u015f and [&hellip;]<\/p>\n","protected":false},"author":1,"featured_media":0,"parent":0,"menu_order":0,"comment_status":"closed","ping_status":"closed","template":"elementor_header_footer","meta":{"inline_featured_image":false,"footnotes":""},"class_list":["post-7208","page","type-page","status-publish","hentry"],"_links":{"self":[{"href":"https:\/\/doc.com.tr\/en\/wp-json\/wp\/v2\/pages\/7208","targetHints":{"allow":["GET"]}}],"collection":[{"href":"https:\/\/doc.com.tr\/en\/wp-json\/wp\/v2\/pages"}],"about":[{"href":"https:\/\/doc.com.tr\/en\/wp-json\/wp\/v2\/types\/page"}],"author":[{"embeddable":true,"href":"https:\/\/doc.com.tr\/en\/wp-json\/wp\/v2\/users\/1"}],"replies":[{"embeddable":true,"href":"https:\/\/doc.com.tr\/en\/wp-json\/wp\/v2\/comments?post=7208"}],"version-history":[{"count":4,"href":"https:\/\/doc.com.tr\/en\/wp-json\/wp\/v2\/pages\/7208\/revisions"}],"predecessor-version":[{"id":7219,"href":"https:\/\/doc.com.tr\/en\/wp-json\/wp\/v2\/pages\/7208\/revisions\/7219"}],"wp:attachment":[{"href":"https:\/\/doc.com.tr\/en\/wp-json\/wp\/v2\/media?parent=7208"}],"curies":[{"name":"wp","href":"https:\/\/api.w.org\/{rel}","templated":true}]}}