{"id":7172,"date":"2025-01-26T23:29:29","date_gmt":"2025-01-26T20:29:29","guid":{"rendered":"https:\/\/doc.com.tr\/?page_id=7172"},"modified":"2025-03-27T01:50:19","modified_gmt":"2025-03-26T22:50:19","slug":"doc-ovacik-branch","status":"publish","type":"page","link":"https:\/\/doc.com.tr\/en\/doc-ovacik-branch\/","title":{"rendered":"Doc Ovac\u0131k Branch"},"content":{"rendered":"\t\t<div data-elementor-type=\"wp-page\" data-elementor-id=\"7172\" class=\"elementor elementor-7172 elementor-7155\" data-elementor-post-type=\"page\">\n\t\t\t\t<div class=\"elementor-element elementor-element-c3aca9c e-con-full e-flex e-con e-parent\" data-id=\"c3aca9c\" data-element_type=\"container\">\n\t\t\t\t<div class=\"elementor-element elementor-element-63c969f elementor--h-position-center elementor--v-position-middle elementor-widget elementor-widget-slides\" data-id=\"63c969f\" data-element_type=\"widget\" data-settings=\"{&quot;navigation&quot;:&quot;none&quot;,&quot;autoplay&quot;:&quot;yes&quot;,&quot;pause_on_hover&quot;:&quot;yes&quot;,&quot;pause_on_interaction&quot;:&quot;yes&quot;,&quot;autoplay_speed&quot;:5000,&quot;infinite&quot;:&quot;yes&quot;,&quot;transition&quot;:&quot;slide&quot;,&quot;transition_speed&quot;:500}\" data-widget_type=\"slides.default\">\n\t\t\t\t<div class=\"elementor-widget-container\">\n\t\t\t\t\t\t\t\t\t<div class=\"elementor-swiper\">\n\t\t\t\t\t<div class=\"elementor-slides-wrapper elementor-main-swiper swiper\" role=\"region\" aria-roledescription=\"carousel\" aria-label=\"Slides\" dir=\"ltr\" data-animation=\"fadeInUp\">\n\t\t\t\t<div class=\"swiper-wrapper elementor-slides\">\n\t\t\t\t\t\t\t\t\t\t<div class=\"elementor-repeater-item-812f440 swiper-slide\" role=\"group\" aria-roledescription=\"slide\"><div class=\"swiper-slide-bg elementor-ken-burns elementor-ken-burns--in\" role=\"img\"><\/div><div class=\"swiper-slide-inner\" ><div class=\"swiper-slide-contents\"><div class=\"elementor-slide-heading\">DOC OVACIK<\/div><div class=\"elementor-slide-description\">Our DOC2 Ovac\u0131k branch is at your service with its latest equipment and expert physician staff.<\/div><\/div><\/div><\/div><div class=\"elementor-repeater-item-302866a swiper-slide\" role=\"group\" aria-roledescription=\"slide\"><div class=\"swiper-slide-bg elementor-ken-burns elementor-ken-burns--in\" role=\"img\"><\/div><div class=\"swiper-slide-inner\" ><div class=\"swiper-slide-contents\"><div class=\"elementor-slide-heading\">DOC OVACIK<\/div><div class=\"elementor-slide-description\">Our DOC2 Ovac\u0131k branch is at your service with its latest equipment and expert physician staff.<\/div><\/div><\/div><\/div>\t\t\t\t<\/div>\n\t\t\t\t\t\t\t\t\t\t\t\t\t\t\t\t\t\t\t\t\t<\/div>\n\t\t\t\t<\/div>\n\t\t\t\t\t\t\t\t<\/div>\n\t\t\t\t<\/div>\n\t\t\t\t<\/div>\n\t\t\t\t<section class=\"elementor-section elementor-top-section elementor-element elementor-element-2f2a3bf elementor-section-boxed elementor-section-height-default elementor-section-height-default\" data-id=\"2f2a3bf\" data-element_type=\"section\" data-settings=\"{&quot;background_background&quot;:&quot;classic&quot;}\">\n\t\t\t\t\t\t<div class=\"elementor-container elementor-column-gap-extended\">\n\t\t\t\t\t<div class=\"elementor-column elementor-col-100 elementor-top-column elementor-element elementor-element-e19273c\" data-id=\"e19273c\" data-element_type=\"column\">\n\t\t\t<div class=\"elementor-widget-wrap elementor-element-populated\">\n\t\t\t\t\t\t<section class=\"elementor-section elementor-inner-section elementor-element elementor-element-cb96224 elementor-section-full_width elementor-section-height-default elementor-section-height-default\" data-id=\"cb96224\" data-element_type=\"section\">\n\t\t\t\t\t\t<div class=\"elementor-container elementor-column-gap-no\">\n\t\t\t\t\t<div class=\"elementor-column elementor-col-100 elementor-inner-column elementor-element elementor-element-60feb5f\" data-id=\"60feb5f\" data-element_type=\"column\">\n\t\t\t<div class=\"elementor-widget-wrap elementor-element-populated\">\n\t\t\t\t\t\t<div class=\"elementor-element elementor-element-cb71e8f elementor-widget elementor-widget-tf-title-section\" data-id=\"cb71e8f\" data-element_type=\"widget\" data-widget_type=\"tf-title-section.default\">\n\t\t\t\t<div class=\"elementor-widget-container\">\n\t\t\t\t\t<div id=\"tf-title-section-cb71e8f\" class=\"tf-title-section\" data-tabid=\"cb71e8f\"> \r\n\t\t\t\t\r\n\t\t\t<div class=\"title-section\">\r\n\t\t\t\t<div class=\"before-heading\">Contact us<\/div>\r\n\t\t\t\t<h2 class=\"heading\">You can reach us via location, phone or e-mail.<\/h2>\r\n\t\t\t\t<div class=\"sub-title\"><p><strong>DOC2 \u2013 \u00d6L\u00dcDEN\u0130Z<\/strong><\/p><p>Our second dental clinic; DOC2, opened its doors to patients in Summer 2023 and is situated within easy reach of the holiday resorts of \u00d6l\u00fcdeniz, Hisar\u00f6n\u00fc and Ovac\u0131k. DOC2 offers a more convenient location for holidaymakers who are looking to return home with a beautiful and healthy smile, as well as a tan. From simple issues, such as the inconvenience of having a broken filling or a loose crown whilst on holiday, to full smile makeovers, our friendly English-speaking team at DOC2 are at your service during your stay and will be happy to answer all your dental enquiries whilst abroad.<\/p><\/div>\r\n\t\t\t<\/div>                \r\n            <\/div>\t\t\t\t<\/div>\n\t\t\t\t<\/div>\n\t\t\t\t\t<\/div>\n\t\t<\/div>\n\t\t\t\t\t<\/div>\n\t\t<\/section>\n\t\t\t\t<section class=\"elementor-section elementor-inner-section elementor-element elementor-element-11ee059 elementor-section-full_width tf-animated-column-elementor elementor-section-height-default elementor-section-height-default\" data-id=\"11ee059\" data-element_type=\"section\" data-settings=\"{&quot;background_background&quot;:&quot;classic&quot;}\">\n\t\t\t\t\t\t<div class=\"elementor-container elementor-column-gap-no\">\n\t\t\t\t\t<div class=\"elementor-column elementor-col-33 elementor-inner-column elementor-element elementor-element-da6d0ee\" data-id=\"da6d0ee\" data-element_type=\"column\">\n\t\t\t<div class=\"elementor-widget-wrap elementor-element-populated\">\n\t\t\t\t\t\t<div class=\"elementor-element elementor-element-a605b39 elementor-widget elementor-widget-tficonbox\" data-id=\"a605b39\" data-element_type=\"widget\" data-widget_type=\"tficonbox.default\">\n\t\t\t\t<div class=\"elementor-widget-container\">\n\t\t\t\t\t\t\t\t\t\t<div class=\"tficonbox top\">\n\t\t\t\t\t\n\t\t\t\t\t\t\t\t\t<div class=\"wrap-icon square\">\n\t\t\t\t\t\t<div class=\"wrap-icon-inner icon top-to-bottom\">\n\t\t\t\t\t\t\t<i aria-hidden=\"true\" class=\"carenowicon- carenow-icon-icon-pin1\"><\/i>\t\t\t\t\t\t<\/div>\n\t\t\t\t\t<\/div>\n\t\t\t\t\t\n\n\t\t\t\t<div class=\"content\">\n\t\t\t\t\t<h3 class=\"title\">Our address<\/h3>\n\t\t\t\t\t<div class=\"description\"><p>\u00d6l\u00fcdeniz, Atat\u00fcrk Cd. No:85\/1, 48300 Ovac\u0131k\/Fethiye\/Mu\u011fla, T\u00fcrkiye<\/p><\/div>\t\t\t\t\t\n\t\t\t\t\t\n\t\t\t\t<\/div>\n\t\t\t<\/div>\n\t\t\t\t\t\t<\/div>\n\t\t\t\t<\/div>\n\t\t\t\t\t<\/div>\n\t\t<\/div>\n\t\t\t\t<div class=\"elementor-column elementor-col-33 elementor-inner-column elementor-element elementor-element-b472b90\" data-id=\"b472b90\" data-element_type=\"column\">\n\t\t\t<div class=\"elementor-widget-wrap elementor-element-populated\">\n\t\t\t\t\t\t<div class=\"elementor-element elementor-element-e37259e elementor-widget elementor-widget-tficonbox\" data-id=\"e37259e\" data-element_type=\"widget\" data-widget_type=\"tficonbox.default\">\n\t\t\t\t<div class=\"elementor-widget-container\">\n\t\t\t\t\t\t\t\t\t\t<div class=\"tficonbox top\">\n\t\t\t\t\t\n\t\t\t\t\t\t\t\t\t<div class=\"wrap-icon square\">\n\t\t\t\t\t\t<div class=\"wrap-icon-inner icon top-to-bottom\">\n\t\t\t\t\t\t\t<i aria-hidden=\"true\" class=\"carenowicon- carenow-icon-icon-center1\"><\/i>\t\t\t\t\t\t<\/div>\n\t\t\t\t\t<\/div>\n\t\t\t\t\t\n\n\t\t\t\t<div class=\"content\">\n\t\t\t\t\t<h3 class=\"title\">Our Phone Numbers<\/h3>\n\t\t\t\t\t<div class=\"description\"><p>Phone : +902526167555<br \/>Mobile : +905523884448<\/p><\/div>\t\t\t\t\t\n\t\t\t\t\t\n\t\t\t\t<\/div>\n\t\t\t<\/div>\n\t\t\t\t\t\t<\/div>\n\t\t\t\t<\/div>\n\t\t\t\t\t<\/div>\n\t\t<\/div>\n\t\t\t\t<div class=\"elementor-column elementor-col-33 elementor-inner-column elementor-element elementor-element-fd342c6\" data-id=\"fd342c6\" data-element_type=\"column\">\n\t\t\t<div class=\"elementor-widget-wrap elementor-element-populated\">\n\t\t\t\t\t\t<div class=\"elementor-element elementor-element-4bd920f elementor-widget elementor-widget-tficonbox\" data-id=\"4bd920f\" data-element_type=\"widget\" data-widget_type=\"tficonbox.default\">\n\t\t\t\t<div class=\"elementor-widget-container\">\n\t\t\t\t\t\t\t\t\t\t<div class=\"tficonbox top\">\n\t\t\t\t\t\n\t\t\t\t\t\t\t\t\t<div class=\"wrap-icon square\">\n\t\t\t\t\t\t<div class=\"wrap-icon-inner icon top-to-bottom\">\n\t\t\t\t\t\t\t<i aria-hidden=\"true\" class=\"carenowicon- carenow-icon-icon-mail1\"><\/i>\t\t\t\t\t\t<\/div>\n\t\t\t\t\t<\/div>\n\t\t\t\t\t\n\n\t\t\t\t<div class=\"content\">\n\t\t\t\t\t<h3 class=\"title\">Our Email Address<\/h3>\n\t\t\t\t\t<div class=\"description\"><p>info@doc.com.tr<\/p><\/div>\t\t\t\t\t\n\t\t\t\t\t\n\t\t\t\t<\/div>\n\t\t\t<\/div>\n\t\t\t\t\t\t<\/div>\n\t\t\t\t<\/div>\n\t\t\t\t\t<\/div>\n\t\t<\/div>\n\t\t\t\t\t<\/div>\n\t\t<\/section>\n\t\t\t\t\t<\/div>\n\t\t<\/div>\n\t\t\t\t\t<\/div>\n\t\t<\/section>\n\t\t\t\t<section class=\"elementor-section elementor-top-section elementor-element elementor-element-7991608 tf-animated-column-elementor elementor-section-boxed elementor-section-height-default elementor-section-height-default\" data-id=\"7991608\" data-element_type=\"section\">\n\t\t\t\t\t\t<div class=\"elementor-container elementor-column-gap-extended\">\n\t\t\t\t\t<div class=\"elementor-column elementor-col-50 elementor-top-column elementor-element elementor-element-4956c1d\" data-id=\"4956c1d\" data-element_type=\"column\">\n\t\t\t<div class=\"elementor-widget-wrap elementor-element-populated\">\n\t\t\t\t\t\t<div class=\"elementor-element elementor-element-799b9b1 elementor-widget elementor-widget-tf-google_maps\" data-id=\"799b9b1\" data-element_type=\"widget\" data-widget_type=\"tf-google_maps.default\">\n\t\t\t\t<div class=\"elementor-widget-container\">\n\t\t\t\t\t\t\t<div class=\"elementor-custom-embed\">\n\t\t\t<iframe\n\t\t\t\t\tsrc=\"https:\/\/www.google.com\/maps\/embed\/v1\/place?key=AIzaSyAkwKzVoQQ1AdlmcRbLpAR2wqGPdfzR-sE&#038;q=DOC%20Fethiye%20A%C4%9F%C4%B1z%20ve%20Di%C5%9F%20Sa%C4%9Fl%C4%B1%C4%9F%C4%B1%20Poliklini%C4%9Fi%20-%20Dental%20Operation%20Center%20Ovac%C4%B1k%20%C5%9Eube&#038;zoom=9\"\n\t\t\t\t\ttitle=\"DOC Fethiye A\u011f\u0131z ve Di\u015f Sa\u011fl\u0131\u011f\u0131 Poliklini\u011fi - Dental Operation Center Ovac\u0131k \u015eube\"\n\t\t\t\t\taria-label=\"DOC Fethiye A\u011f\u0131z ve Di\u015f Sa\u011fl\u0131\u011f\u0131 Poliklini\u011fi - Dental Operation Center Ovac\u0131k \u015eube\"\n\t\t\t><\/iframe>\n\t\t<\/div>\n\t\t\t\t\t\t<\/div>\n\t\t\t\t<\/div>\n\t\t\t\t\t<\/div>\n\t\t<\/div>\n\t\t\t\t<div class=\"elementor-column elementor-col-50 elementor-top-column elementor-element elementor-element-5d51e8f\" data-id=\"5d51e8f\" data-element_type=\"column\">\n\t\t\t<div class=\"elementor-widget-wrap elementor-element-populated\">\n\t\t\t\t\t\t<div class=\"elementor-element elementor-element-476b75c elementor-widget elementor-widget-shortcode\" data-id=\"476b75c\" data-element_type=\"widget\" data-widget_type=\"shortcode.default\">\n\t\t\t\t<div class=\"elementor-widget-container\">\n\t\t\t\t\t\t\t<div class=\"elementor-shortcode\">\n<div class=\"wpcf7 no-js\" id=\"wpcf7-f6311-o1\" lang=\"en-US\" dir=\"ltr\" data-wpcf7-id=\"6311\">\n<div class=\"screen-reader-response\"><p role=\"status\" aria-live=\"polite\" aria-atomic=\"true\"><\/p> <ul><\/ul><\/div>\n<form action=\"\/en\/wp-json\/wp\/v2\/pages\/7172#wpcf7-f6311-o1\" method=\"post\" class=\"wpcf7-form init\" aria-label=\"Contact form\" novalidate=\"novalidate\" data-status=\"init\">\n<div style=\"display: none;\">\n<input type=\"hidden\" name=\"_wpcf7\" value=\"6311\" \/>\n<input type=\"hidden\" name=\"_wpcf7_version\" value=\"6.0.3\" \/>\n<input type=\"hidden\" name=\"_wpcf7_locale\" value=\"en_US\" \/>\n<input type=\"hidden\" name=\"_wpcf7_unit_tag\" value=\"wpcf7-f6311-o1\" \/>\n<input type=\"hidden\" name=\"_wpcf7_container_post\" value=\"0\" \/>\n<input type=\"hidden\" name=\"_wpcf7_posted_data_hash\" value=\"\" \/>\n<\/div>\n<div class=\"dark-form style1 row\">\n\t<div class=\"col-md-6\">\n\t\t<p><span class=\"wpcf7-form-control-wrap\" data-name=\"text-264\"><input size=\"40\" maxlength=\"400\" class=\"wpcf7-form-control wpcf7-text wpcf7-validates-as-required\" aria-required=\"true\" aria-invalid=\"false\" placeholder=\"Your Name\" value=\"\" type=\"text\" name=\"text-264\" \/><\/span>\n\t\t<\/p>\n\t<\/div>\n\t<div class=\"col-md-6\">\n\t\t<p><span class=\"wpcf7-form-control-wrap\" data-name=\"tel-507\"><input size=\"40\" maxlength=\"400\" class=\"wpcf7-form-control wpcf7-tel wpcf7-validates-as-required wpcf7-text wpcf7-validates-as-tel\" aria-required=\"true\" aria-invalid=\"false\" placeholder=\"Your phone\" value=\"\" type=\"tel\" name=\"tel-507\" \/><\/span>\n\t\t<\/p>\n\t<\/div>\n\t<div class=\"col-md-6\">\n\t\t<p><span class=\"wpcf7-form-control-wrap\" data-name=\"email-812\"><input size=\"40\" maxlength=\"400\" class=\"wpcf7-form-control wpcf7-email wpcf7-validates-as-required wpcf7-text wpcf7-validates-as-email\" aria-required=\"true\" aria-invalid=\"false\" placeholder=\"Your Mail Address\" value=\"\" type=\"email\" name=\"email-812\" \/><\/span>\n\t\t<\/p>\n\t<\/div>\n\t<div class=\"col-md-6\">\n\t\t<p><span class=\"wpcf7-form-control-wrap\" data-name=\"text-288\"><input size=\"40\" maxlength=\"400\" class=\"wpcf7-form-control wpcf7-text wpcf7-validates-as-required\" aria-required=\"true\" aria-invalid=\"false\" placeholder=\"Subject\" value=\"\" type=\"text\" name=\"text-288\" \/><\/span>\n\t\t<\/p>\n\t<\/div>\n\t<div class=\"col-md-12\">\n\t\t<p><span class=\"wpcf7-form-control-wrap\" data-name=\"textarea-474\"><textarea cols=\"40\" rows=\"10\" maxlength=\"2000\" class=\"wpcf7-form-control wpcf7-textarea wpcf7-validates-as-required\" aria-required=\"true\" aria-invalid=\"false\" placeholder=\"Your message\" name=\"textarea-474\"><\/textarea><\/span>\n\t\t<\/p>\n\t<\/div>\n\t<div class=\"col-md-12\">\n\t\t<p><button type=\"submit\">Send<\/button>\n\t\t<\/p>\n\t<\/div>\n<\/div><div class=\"wpcf7-response-output\" aria-hidden=\"true\"><\/div>\n<\/form>\n<\/div>\n<\/div>\n\t\t\t\t\t\t<\/div>\n\t\t\t\t<\/div>\n\t\t\t\t\t<\/div>\n\t\t<\/div>\n\t\t\t\t\t<\/div>\n\t\t<\/section>\n\t\t\t\t<\/div>\n\t\t","protected":false},"excerpt":{"rendered":"<p>DOC OVACIKOur DOC2 Ovac\u0131k branch is at your service with its latest equipment and expert physician staff.DOC OVACIKOur DOC2 Ovac\u0131k branch is at your service with its [&hellip;]<\/p>\n","protected":false},"author":1,"featured_media":0,"parent":0,"menu_order":0,"comment_status":"closed","ping_status":"closed","template":"elementor_header_footer","meta":{"inline_featured_image":false,"footnotes":""},"class_list":["post-7172","page","type-page","status-publish","hentry"],"_links":{"self":[{"href":"https:\/\/doc.com.tr\/en\/wp-json\/wp\/v2\/pages\/7172","targetHints":{"allow":["GET"]}}],"collection":[{"href":"https:\/\/doc.com.tr\/en\/wp-json\/wp\/v2\/pages"}],"about":[{"href":"https:\/\/doc.com.tr\/en\/wp-json\/wp\/v2\/types\/page"}],"author":[{"embeddable":true,"href":"https:\/\/doc.com.tr\/en\/wp-json\/wp\/v2\/users\/1"}],"replies":[{"embeddable":true,"href":"https:\/\/doc.com.tr\/en\/wp-json\/wp\/v2\/comments?post=7172"}],"version-history":[{"count":10,"href":"https:\/\/doc.com.tr\/en\/wp-json\/wp\/v2\/pages\/7172\/revisions"}],"predecessor-version":[{"id":7311,"href":"https:\/\/doc.com.tr\/en\/wp-json\/wp\/v2\/pages\/7172\/revisions\/7311"}],"wp:attachment":[{"href":"https:\/\/doc.com.tr\/en\/wp-json\/wp\/v2\/media?parent=7172"}],"curies":[{"name":"wp","href":"https:\/\/api.w.org\/{rel}","templated":true}]}}