{"id":6318,"date":"2025-01-19T21:32:38","date_gmt":"2025-01-19T18:32:38","guid":{"rendered":"https:\/\/doc.com.tr\/our-doctors-2\/"},"modified":"2025-01-20T00:20:01","modified_gmt":"2025-01-19T21:20:01","slug":"our-doctors","status":"publish","type":"page","link":"https:\/\/doc.com.tr\/en\/our-doctors\/","title":{"rendered":"Our Doctors"},"content":{"rendered":"\t\t<div data-elementor-type=\"wp-page\" data-elementor-id=\"6318\" class=\"elementor elementor-6318 elementor-545\" data-elementor-post-type=\"page\">\n\t\t\t\t\t\t<section class=\"elementor-section elementor-top-section elementor-element elementor-element-cc89021 elementor-section-boxed elementor-section-height-default elementor-section-height-default\" data-id=\"cc89021\" data-element_type=\"section\">\n\t\t\t\t\t\t<div class=\"elementor-container elementor-column-gap-extended\">\n\t\t\t\t\t<div class=\"elementor-column elementor-col-100 elementor-top-column elementor-element elementor-element-b3ecafd\" data-id=\"b3ecafd\" data-element_type=\"column\">\n\t\t\t<div class=\"elementor-widget-wrap elementor-element-populated\">\n\t\t\t\t\t\t<div class=\"elementor-element elementor-element-a2aaedb elementor-widget elementor-widget-tf-doctor\" data-id=\"a2aaedb\" data-element_type=\"widget\" data-widget_type=\"tf-doctor.default\">\n\t\t\t\t<div class=\"elementor-widget-container\">\n\t\t\t\t\t\t\t<div id=\"tf-doctor-a2aaedb\" class=\"tf-doctor-wrap themesflat-doctor-taxonomy style1 \" data-tabid=\"a2aaedb\">\n\t\t\t<div class=\"wrap-doctor-post row column-3\">\n\n\t\t\t\t\n\t\t\t\t\t\t\t\t\t<div class=\"item\">\t\r\n\t\t\t\r\n    <div class=\"doctor-post doctor-post-6470 hide-social-inner has-social\">\r\n    \t                <div class=\"featured-post\">\r\n            <a href=\"https:\/\/doc.com.tr\/en\/doktor\/dr-ozgur-yuruk\/\">\r\n            <img decoding=\"async\" src=\"https:\/\/doc.com.tr\/wp-content\/uploads\/2019\/02\/o\u0308zgu\u0308r.jpg\" alt=\"image\">            <\/a>\r\n        <\/div>\r\n            \t        <div class=\"content\"> \r\n                        <h2 class=\"title\">\r\n                <a href=\"https:\/\/doc.com.tr\/en\/doktor\/dr-ozgur-yuruk\/\">Dr. \u00d6zg\u00fcr Y\u00fcr\u00fck<\/a>\r\n            <\/h2>\r\n            \r\n                                    <div class=\"position\">Manager & Dentist<\/div>\r\n             \r\n                                                        <\/div>\r\n    <\/div>\r\n<\/div>\t\t\t\t\t\t\t\t\t<div class=\"item\">\t\r\n\t\t\t\r\n    <div class=\"doctor-post doctor-post-6478 hide-social-inner has-social\">\r\n    \t                <div class=\"featured-post\">\r\n            <a href=\"https:\/\/doc.com.tr\/en\/doktor\/dr-anil-seckin\/\">\r\n            <img decoding=\"async\" src=\"https:\/\/doc.com.tr\/wp-content\/uploads\/2019\/02\/anilseckin.png\" alt=\"image\">            <\/a>\r\n        <\/div>\r\n            \t        <div class=\"content\"> \r\n                        <h2 class=\"title\">\r\n                <a href=\"https:\/\/doc.com.tr\/en\/doktor\/dr-anil-seckin\/\">Dr. An\u0131l Se\u00e7kin<\/a>\r\n            <\/h2>\r\n            \r\n                                    <div class=\"position\">Oral and Maxillofacial Surgeon<\/div>\r\n             \r\n                                                        <\/div>\r\n    <\/div>\r\n<\/div>\t\t\t\t\t\t\t\t\t<div class=\"item\">\t\r\n\t\t\t\r\n    <div class=\"doctor-post doctor-post-6492 hide-social-inner has-social\">\r\n    \t                <div class=\"featured-post\">\r\n            <a href=\"https:\/\/doc.com.tr\/en\/doktor\/dr-buse-oncu\/\">\r\n            <img decoding=\"async\" src=\"https:\/\/doc.com.tr\/wp-content\/uploads\/2022\/11\/buseoncu1.jpg\" alt=\"image\">            <\/a>\r\n        <\/div>\r\n            \t        <div class=\"content\"> \r\n                        <h2 class=\"title\">\r\n                <a href=\"https:\/\/doc.com.tr\/en\/doktor\/dr-buse-oncu\/\">Dr. Buse \u00d6nc\u00fc<\/a>\r\n            <\/h2>\r\n            \r\n                                    <div class=\"position\">Periodontist<\/div>\r\n             \r\n                                                        <\/div>\r\n    <\/div>\r\n<\/div>\t\t\t\t\t\t\t\t\t<div class=\"item\">\t\r\n\t\t\t\r\n    <div class=\"doctor-post doctor-post-6500 hide-social-inner has-social\">\r\n    \t                <div class=\"featured-post\">\r\n            <a href=\"https:\/\/doc.com.tr\/en\/doktor\/dr-huseyin-bicer\/\">\r\n            <img decoding=\"async\" src=\"https:\/\/doc.com.tr\/wp-content\/uploads\/2021\/11\/HU\u0308SEYI\u0307N.jpg\" alt=\"image\">            <\/a>\r\n        <\/div>\r\n            \t        <div class=\"content\"> \r\n                        <h2 class=\"title\">\r\n                <a href=\"https:\/\/doc.com.tr\/en\/doktor\/dr-huseyin-bicer\/\">Dr. H\u00fcseyin Bi\u00e7er<\/a>\r\n            <\/h2>\r\n            \r\n                                    <div class=\"position\">Pediatric Dentistry Specialist<\/div>\r\n             \r\n                                                        <\/div>\r\n    <\/div>\r\n<\/div>\t\t\t\t\t\t\t\t\t<div class=\"item\">\t\r\n\t\t\t\r\n    <div class=\"doctor-post doctor-post-6505 hide-social-inner has-social\">\r\n    \t                <div class=\"featured-post\">\r\n            <a href=\"https:\/\/doc.com.tr\/en\/doktor\/dr-mehmet-aydin\/\">\r\n            <img decoding=\"async\" src=\"https:\/\/doc.com.tr\/wp-content\/uploads\/2023\/11\/mehmetaydin.png\" alt=\"image\">            <\/a>\r\n        <\/div>\r\n            \t        <div class=\"content\"> \r\n                        <h2 class=\"title\">\r\n                <a href=\"https:\/\/doc.com.tr\/en\/doktor\/dr-mehmet-aydin\/\">Dr. Mehmet Aydin<\/a>\r\n            <\/h2>\r\n            \r\n                                    <div class=\"position\">Orthodontist<\/div>\r\n             \r\n                                                        <\/div>\r\n    <\/div>\r\n<\/div>\t\t\t\t\t\t\t\t\t<div class=\"item\">\t\r\n\t\t\t\r\n    <div class=\"doctor-post doctor-post-6510 hide-social-inner has-social\">\r\n    \t                <div class=\"featured-post\">\r\n            <a href=\"https:\/\/doc.com.tr\/en\/doktor\/dr-dogus-yilmaz\/\">\r\n            <img decoding=\"async\" src=\"https:\/\/doc.com.tr\/wp-content\/uploads\/2022\/03\/dogus.jpg\" alt=\"image\">            <\/a>\r\n        <\/div>\r\n            \t        <div class=\"content\"> \r\n                        <h2 class=\"title\">\r\n                <a href=\"https:\/\/doc.com.tr\/en\/doktor\/dr-dogus-yilmaz\/\">Dr. Dogus Yilmaz<\/a>\r\n            <\/h2>\r\n            \r\n                                    <div class=\"position\">Prosthetics Specialist<\/div>\r\n             \r\n                                                        <\/div>\r\n    <\/div>\r\n<\/div>\t\t\t\t\t\t\t\t\t<div class=\"item\">\t\r\n\t\t\t\r\n    <div class=\"doctor-post doctor-post-6532 hide-social-inner has-social\">\r\n    \t                <div class=\"featured-post\">\r\n            <a href=\"https:\/\/doc.com.tr\/en\/doktor\/dr-pelinsu-sahin\/\">\r\n            <img decoding=\"async\" src=\"https:\/\/doc.com.tr\/wp-content\/uploads\/2025\/01\/dtpelinsusahin-608x640.jpg\" alt=\"image\">            <\/a>\r\n        <\/div>\r\n            \t        <div class=\"content\"> \r\n                        <h2 class=\"title\">\r\n                <a href=\"https:\/\/doc.com.tr\/en\/doktor\/dr-pelinsu-sahin\/\">Dr. Pelinsu \u015eahin<\/a>\r\n            <\/h2>\r\n            \r\n                                    <div class=\"position\">Endodontist<\/div>\r\n             \r\n                                                        <\/div>\r\n    <\/div>\r\n<\/div>\t\t\t\t\t\t\t\t\t<div class=\"item\">\t\r\n\t\t\t\r\n    <div class=\"doctor-post doctor-post-6515 hide-social-inner has-social\">\r\n    \t                <div class=\"featured-post\">\r\n            <a href=\"https:\/\/doc.com.tr\/en\/doktor\/dr-erhan-kaya\/\">\r\n            <img decoding=\"async\" src=\"https:\/\/doc.com.tr\/wp-content\/uploads\/2021\/11\/erhan-kaya-1.jpg\" alt=\"image\">            <\/a>\r\n        <\/div>\r\n            \t        <div class=\"content\"> \r\n                        <h2 class=\"title\">\r\n                <a href=\"https:\/\/doc.com.tr\/en\/doktor\/dr-erhan-kaya\/\">Dr. Erhan Kaya<\/a>\r\n            <\/h2>\r\n            \r\n                                    <div class=\"position\">Aesthetic Dentistry<\/div>\r\n             \r\n                                                        <\/div>\r\n    <\/div>\r\n<\/div>\t\t\t\t\t\t\t\t\t<div class=\"item\">\t\r\n\t\t\t\r\n    <div class=\"doctor-post doctor-post-6520 hide-social-inner has-social\">\r\n    \t                <div class=\"featured-post\">\r\n            <a href=\"https:\/\/doc.com.tr\/en\/doktor\/dr-berker-atar\/\">\r\n            <img decoding=\"async\" src=\"https:\/\/doc.com.tr\/wp-content\/uploads\/2022\/03\/berker.jpg\" alt=\"image\">            <\/a>\r\n        <\/div>\r\n            \t        <div class=\"content\"> \r\n                        <h2 class=\"title\">\r\n                <a href=\"https:\/\/doc.com.tr\/en\/doktor\/dr-berker-atar\/\">Dr. Berker Atar<\/a>\r\n            <\/h2>\r\n            \r\n                                    <div class=\"position\">Dentist<\/div>\r\n             \r\n                                                        <\/div>\r\n    <\/div>\r\n<\/div>\t\t\t\t\t\t\t\t\t<div class=\"item\">\t\r\n\t\t\t\r\n    <div class=\"doctor-post doctor-post-6525 hide-social-inner has-social\">\r\n    \t                <div class=\"featured-post\">\r\n            <a href=\"https:\/\/doc.com.tr\/en\/doktor\/dr-koksal-atalay\/\">\r\n            <img decoding=\"async\" src=\"https:\/\/doc.com.tr\/wp-content\/uploads\/2022\/03\/koksal.jpg\" alt=\"image\">            <\/a>\r\n        <\/div>\r\n            \t        <div class=\"content\"> \r\n                        <h2 class=\"title\">\r\n                <a href=\"https:\/\/doc.com.tr\/en\/doktor\/dr-koksal-atalay\/\">Dr. K\u00f6ksal Atalay<\/a>\r\n            <\/h2>\r\n            \r\n                                    <div class=\"position\">Dentist<\/div>\r\n             \r\n                                                        <\/div>\r\n    <\/div>\r\n<\/div>\t\t\t\t\t\t\t\t\t<div class=\"item\">\t\r\n\t\t\t\r\n    <div class=\"doctor-post doctor-post-6545 hide-social-inner has-social\">\r\n    \t                <div class=\"featured-post\">\r\n            <a href=\"https:\/\/doc.com.tr\/en\/doktor\/dr-sevim-kocakose-uslu\/\">\r\n            <img decoding=\"async\" src=\"https:\/\/doc.com.tr\/wp-content\/uploads\/2021\/11\/SEVI\u0307M.jpg\" alt=\"image\">            <\/a>\r\n        <\/div>\r\n            \t        <div class=\"content\"> \r\n                        <h2 class=\"title\">\r\n                <a href=\"https:\/\/doc.com.tr\/en\/doktor\/dr-sevim-kocakose-uslu\/\">Dr. Sevim Kocak\u00f6se Uslu<\/a>\r\n            <\/h2>\r\n            \r\n                                    <div class=\"position\">Dentist<\/div>\r\n             \r\n                                                        <\/div>\r\n    <\/div>\r\n<\/div>\t\t\t\t\n\t\t\t\t\n\t\t\t\t\t\t\t<\/div>\n\t\t<\/div>\n\t\t\t\t\t\t<\/div>\n\t\t\t\t<\/div>\n\t\t\t\t\t<\/div>\n\t\t<\/div>\n\t\t\t\t\t<\/div>\n\t\t<\/section>\n\t\t\t\t<\/div>\n\t\t","protected":false},"excerpt":{"rendered":"<p>Dr. \u00d6zg\u00fcr Y\u00fcr\u00fck Y\u00f6netici &#038; Di\u015f Hekimi Dr. An\u0131l Se\u00e7kin A\u011f\u0131z, Di\u015f ve \u00c7ene Cerrahisi Uzman\u0131 Dr. Buse \u00d6nc\u00fc Periodontoloji Uzman\u0131 Dr. H\u00fcseyin Bi\u00e7er \u00c7ocuk Di\u015f Hekimli\u011fi [&hellip;]<\/p>\n","protected":false},"author":1,"featured_media":0,"parent":0,"menu_order":0,"comment_status":"closed","ping_status":"closed","template":"elementor_header_footer","meta":{"inline_featured_image":false,"footnotes":""},"class_list":["post-6318","page","type-page","status-publish","hentry"],"_links":{"self":[{"href":"https:\/\/doc.com.tr\/en\/wp-json\/wp\/v2\/pages\/6318","targetHints":{"allow":["GET"]}}],"collection":[{"href":"https:\/\/doc.com.tr\/en\/wp-json\/wp\/v2\/pages"}],"about":[{"href":"https:\/\/doc.com.tr\/en\/wp-json\/wp\/v2\/types\/page"}],"author":[{"embeddable":true,"href":"https:\/\/doc.com.tr\/en\/wp-json\/wp\/v2\/users\/1"}],"replies":[{"embeddable":true,"href":"https:\/\/doc.com.tr\/en\/wp-json\/wp\/v2\/comments?post=6318"}],"version-history":[{"count":6,"href":"https:\/\/doc.com.tr\/en\/wp-json\/wp\/v2\/pages\/6318\/revisions"}],"predecessor-version":[{"id":6434,"href":"https:\/\/doc.com.tr\/en\/wp-json\/wp\/v2\/pages\/6318\/revisions\/6434"}],"wp:attachment":[{"href":"https:\/\/doc.com.tr\/en\/wp-json\/wp\/v2\/media?parent=6318"}],"curies":[{"name":"wp","href":"https:\/\/api.w.org\/{rel}","templated":true}]}}