{"id":6303,"date":"2025-01-19T03:33:21","date_gmt":"2025-01-19T00:33:21","guid":{"rendered":"https:\/\/doc.com.tr\/about-us\/"},"modified":"2025-01-25T00:36:18","modified_gmt":"2025-01-24T21:36:18","slug":"about-us","status":"publish","type":"page","link":"https:\/\/doc.com.tr\/en\/about-us\/","title":{"rendered":"About Us"},"content":{"rendered":"\t\t<div data-elementor-type=\"wp-page\" data-elementor-id=\"6303\" class=\"elementor elementor-6303 elementor-38\" data-elementor-post-type=\"page\">\n\t\t\t\t\t\t<section class=\"elementor-section elementor-top-section elementor-element elementor-element-69b8f59 elementor-section-boxed elementor-section-height-default elementor-section-height-default\" data-id=\"69b8f59\" data-element_type=\"section\">\n\t\t\t\t\t\t<div class=\"elementor-container elementor-column-gap-default\">\n\t\t\t\t\t<div class=\"elementor-column elementor-col-100 elementor-top-column elementor-element elementor-element-58611fc\" data-id=\"58611fc\" data-element_type=\"column\">\n\t\t\t<div class=\"elementor-widget-wrap elementor-element-populated\">\n\t\t\t\t\t\t<section class=\"elementor-section elementor-inner-section elementor-element elementor-element-b227881 elementor-section-boxed elementor-section-height-default elementor-section-height-default\" data-id=\"b227881\" data-element_type=\"section\">\n\t\t\t\t\t\t<div class=\"elementor-container elementor-column-gap-default\">\n\t\t\t\t\t<div class=\"elementor-column elementor-col-33 elementor-inner-column elementor-element elementor-element-42aac72 elementor-hidden-tablet\" data-id=\"42aac72\" data-element_type=\"column\">\n\t\t\t<div class=\"elementor-widget-wrap\">\n\t\t\t\t\t\t\t<\/div>\n\t\t<\/div>\n\t\t\t\t<div class=\"elementor-column elementor-col-33 elementor-inner-column elementor-element elementor-element-fc7a9be\" data-id=\"fc7a9be\" data-element_type=\"column\">\n\t\t\t<div class=\"elementor-widget-wrap elementor-element-populated\">\n\t\t\t\t\t\t<div class=\"elementor-element elementor-element-28ea701 elementor-invisible elementor-widget elementor-widget-heading\" data-id=\"28ea701\" data-element_type=\"widget\" data-settings=\"{&quot;_animation&quot;:&quot;fadeIn&quot;}\" data-widget_type=\"heading.default\">\n\t\t\t\t<div class=\"elementor-widget-container\">\n\t\t\t\t\t<h6 class=\"elementor-heading-title elementor-size-default\">Private<\/h6>\t\t\t\t<\/div>\n\t\t\t\t<\/div>\n\t\t\t\t<div class=\"elementor-element elementor-element-25c6fb6 elementor-widget elementor-widget-heading\" data-id=\"25c6fb6\" data-element_type=\"widget\" data-widget_type=\"heading.default\">\n\t\t\t\t<div class=\"elementor-widget-container\">\n\t\t\t\t\t<h3 class=\"elementor-heading-title elementor-size-xl\">DOC Oral and Dental Health Polyclinic\/ Dental Operation Center<\/h3>\t\t\t\t<\/div>\n\t\t\t\t<\/div>\n\t\t\t\t\t<\/div>\n\t\t<\/div>\n\t\t\t\t<div class=\"elementor-column elementor-col-33 elementor-inner-column elementor-element elementor-element-f5bdc80 elementor-hidden-tablet elementor-hidden-phone\" data-id=\"f5bdc80\" data-element_type=\"column\">\n\t\t\t<div class=\"elementor-widget-wrap\">\n\t\t\t\t\t\t\t<\/div>\n\t\t<\/div>\n\t\t\t\t\t<\/div>\n\t\t<\/section>\n\t\t<div class=\"elementor-element elementor-element-4a4fe92 e-flex e-con-boxed e-con e-parent\" data-id=\"4a4fe92\" data-element_type=\"container\">\n\t\t\t\t\t<div class=\"e-con-inner\">\n\t\t\t\t\t<\/div>\n\t\t\t\t<\/div>\n\t\t\t\t\t<\/div>\n\t\t<\/div>\n\t\t\t\t\t<\/div>\n\t\t<\/section>\n\t\t<div class=\"elementor-element elementor-element-7cb88db7 e-flex e-con-boxed e-con e-parent\" data-id=\"7cb88db7\" data-element_type=\"container\">\n\t\t\t\t\t<div class=\"e-con-inner\">\n\t\t\t\t<div class=\"elementor-element elementor-element-5ddb3fa elementor-widget-divider--view-line elementor-widget elementor-widget-divider\" data-id=\"5ddb3fa\" data-element_type=\"widget\" data-widget_type=\"divider.default\">\n\t\t\t\t<div class=\"elementor-widget-container\">\n\t\t\t\t\t\t\t<div class=\"elementor-divider\">\n\t\t\t<span class=\"elementor-divider-separator\">\n\t\t\t\t\t\t<\/span>\n\t\t<\/div>\n\t\t\t\t\t\t<\/div>\n\t\t\t\t<\/div>\n\t\t\t\t<div class=\"elementor-element elementor-element-411bc29e elementor-widget elementor-widget-text-editor\" data-id=\"411bc29e\" data-element_type=\"widget\" data-widget_type=\"text-editor.default\">\n\t\t\t\t<div class=\"elementor-widget-container\">\n\t\t\t\t\t\t\t\t\t<p>Our founding physician, Dr. \u00d6zg\u00fcr Y\u00fcr\u00fck, combined his 17 years of professional experience with his expert dentist staff and launched the Private DOC Oral and Dental Health Polyclinic in March 2019 in order to provide high quality dental health services in Fethiye.<\/p><p>As DOC Clinic, we aim to maximize patient satisfaction by adopting the understanding of quality service by closely following the innovations and developments in the field of dentistry.<\/p><p>In our clinic, which adopts a multidisciplinary approach, services are provided by dentists specialized in implantology, oral and maxillofacial surgery, orthodontics, pedodontics, prosthetics, conservative treatment and aesthetic dentistry applications.<\/p><p>Our center consists of bright and ergonomic clinics specially designed for each department. In our clinic, 3D Tomography (CBCT) and panoramic X-rays are performed with the latest technology imaging equipment. Again, with the Sirona Cad-Cam (intraoral scanner and scraper) system in our clinic, zirconium, emax and laminate crown treatments can be completed on the same day in digital environment without taking measurements.<\/p><p>As DOC team, we invite our patients who live in Fethiye and come to Fethiye for dental treatment to have a happy and healthy smile.<\/p><p class=\"vurgulu\">Team D.O.C &#8220;Smile with your doc&#8221;<\/p><div>\u00a0<\/div><div>\u00a0<\/div>\t\t\t\t\t\t\t\t<\/div>\n\t\t\t\t<\/div>\n\t\t\t\t\t<\/div>\n\t\t\t\t<\/div>\n\t\t<div class=\"elementor-element elementor-element-5dbd712 e-flex e-con-boxed e-con e-parent\" data-id=\"5dbd712\" data-element_type=\"container\">\n\t\t\t\t\t<div class=\"e-con-inner\">\n\t\t\t\t<div class=\"elementor-element elementor-element-44a26ff elementor-widget elementor-widget-text-editor\" data-id=\"44a26ff\" data-element_type=\"widget\" data-widget_type=\"text-editor.default\">\n\t\t\t\t<div class=\"elementor-widget-container\">\n\t\t\t\t\t\t\t\t\t<h3>Our Mission<\/h3>\n<p>Our mission is to provide quality health services that comply with international quality standards in medical diagnosis and care services, and prioritize patient and employee safety; to improve the oral and dental health of society; to adhere to social awareness and human-centered ethical principles; to apply scientific knowledge and research results; to meet the needs and expectations of our patients; to play an active role in scientific circles; to interact with leaders, patients and their relatives with trust and respect, and to be a preferred center on the international platform.<\/p>\n<p> <\/p>\t\t\t\t\t\t\t\t<\/div>\n\t\t\t\t<\/div>\n\t\t\t\t<div class=\"elementor-element elementor-element-1ac7036 elementor-widget elementor-widget-text-editor\" data-id=\"1ac7036\" data-element_type=\"widget\" data-widget_type=\"text-editor.default\">\n\t\t\t\t<div class=\"elementor-widget-container\">\n\t\t\t\t\t\t\t\t\t<h3>Our Vision<\/h3>\n<p>Private DOC Oral and Dental Health Polyclinic aims to be a brand that provides flawless service to patients from all over the world within the framework of its experience in oral and dental health, up-to-dateness in scientific developments, sensitivity in ethical values, patient experience and excellence in international quality standards.<\/p>\n<p> <\/p>\t\t\t\t\t\t\t\t<\/div>\n\t\t\t\t<\/div>\n\t\t\t\t\t<\/div>\n\t\t\t\t<\/div>\n\t\t<div class=\"elementor-element elementor-element-58af774 e-flex e-con-boxed e-con e-parent\" data-id=\"58af774\" data-element_type=\"container\">\n\t\t\t\t\t<div class=\"e-con-inner\">\n\t\t\t\t<div class=\"elementor-element elementor-element-fe7f6b5 elementor-widget elementor-widget-text-editor\" data-id=\"fe7f6b5\" data-element_type=\"widget\" data-widget_type=\"text-editor.default\">\n\t\t\t\t<div class=\"elementor-widget-container\">\n\t\t\t\t\t\t\t\t\t<h3>Our Values<\/h3>\n<p>&#8211; We accept patient and employee safety as a vital part of our corporate culture.<br>&#8211; We always adhere to ethical values.<br>&#8211; We adopt a fair, equitable and scientific approach in all our services.<br>&#8211; We work with a team approach.<br>&#8211; We always aim for patient and employee satisfaction.<br>&#8211; We are environmentally sensitive by respecting sustainable practices.<br>&#8211; We aim to make a difference with an innovative and contemporary approach.<br>&#8211; We are always effective, transparent and reliable.<br>&#8211; We aim to develop and improve our services by focusing on the development of our employees.<\/p>\n<p> <\/p>\t\t\t\t\t\t\t\t<\/div>\n\t\t\t\t<\/div>\n\t\t\t\t\t<\/div>\n\t\t\t\t<\/div>\n\t\t<div class=\"elementor-element elementor-element-d0fa478 e-flex e-con-boxed e-con e-parent\" data-id=\"d0fa478\" data-element_type=\"container\">\n\t\t\t\t\t<div class=\"e-con-inner\">\n\t\t\t\t<div class=\"elementor-element elementor-element-8eb2674 elementor-flip-box--effect-flip elementor-flip-box--direction-up elementor-widget elementor-widget-flip-box\" data-id=\"8eb2674\" data-element_type=\"widget\" data-widget_type=\"flip-box.default\">\n\t\t\t\t<div class=\"elementor-widget-container\">\n\t\t\t\t\t\t\t<div class=\"elementor-flip-box\" tabindex=\"0\">\n\t\t\t<div class=\"elementor-flip-box__layer elementor-flip-box__front\">\n\t\t\t\t<div class=\"elementor-flip-box__layer__overlay\">\n\t\t\t\t\t<div class=\"elementor-flip-box__layer__inner\">\n\t\t\t\t\t\t\t\t\t\t\t\t\t<div class=\"elementor-flip-box__image\">\n\t\t\t\t\t\t\t\t<img decoding=\"async\" width=\"200\" height=\"161\" src=\"https:\/\/doc.com.tr\/wp-content\/uploads\/2025\/01\/doc2-200x161.png\" class=\"attachment-thumbnail size-thumbnail wp-image-5655\" alt=\"\" srcset=\"https:\/\/doc.com.tr\/wp-content\/uploads\/2025\/01\/doc2-200x161.png 200w, https:\/\/doc.com.tr\/wp-content\/uploads\/2025\/01\/doc2-600x484.png 600w, https:\/\/doc.com.tr\/wp-content\/uploads\/2025\/01\/doc2-1024x827.png 1024w, https:\/\/doc.com.tr\/wp-content\/uploads\/2025\/01\/doc2-768x620.png 768w, https:\/\/doc.com.tr\/wp-content\/uploads\/2025\/01\/doc2-1536x1240.png 1536w, https:\/\/doc.com.tr\/wp-content\/uploads\/2025\/01\/doc2-2048x1653.png 2048w\" sizes=\"(max-width: 200px) 100vw, 200px\" \/>\t\t\t\t\t\t\t<\/div>\n\t\t\t\t\t\t\n\t\t\t\t\t\t\t\t\t\t\t\t\t<h3 class=\"elementor-flip-box__layer__title\">\n\t\t\t\t\t\t\t\tDOC Oral and Dental Health Polyclinic\t\t\t\t\t\t\t<\/h3>\n\t\t\t\t\t\t\n\t\t\t\t\t\t\t\t\t\t\t\t\t<div class=\"elementor-flip-box__layer__description\">\n\t\t\t\t\t\t\t\tSmile with your DOC\t\t\t\t\t\t\t<\/div>\n\t\t\t\t\t\t\t\t\t\t\t<\/div>\n\t\t\t\t<\/div>\n\t\t\t<\/div>\n\t\t\t<div class=\"elementor-flip-box__layer elementor-flip-box__back\">\n\t\t\t<div class=\"elementor-flip-box__layer__overlay\">\n\t\t\t\t<div class=\"elementor-flip-box__layer__inner\">\n\t\t\t\t\t\t\t\t\t\t\t<h3 class=\"elementor-flip-box__layer__title\">\n\t\t\t\t\t\t\tTel: +902526144448\t\t\t\t\t\t<\/h3>\n\t\t\t\t\t\n\t\t\t\t\t\t\t\t\t\t\t<div class=\"elementor-flip-box__layer__description\">\n\t\t\t\t\t\t\tTuzla Mah. 569\/1 Sokak No:2 Fethiye\/Mu\u011fla \t\t\t\t\t\t<\/div>\n\t\t\t\t\t\n\t\t\t\t\t\t\t\t\t\t\t<a class=\"elementor-flip-box__button elementor-button elementor-size-sm\" href=\"https:\/\/doc.com.tr\/contact\/\">\n\t\t\t\t\t\t\tMake an Appointment<br>\t\t\t\t\t\t<\/a>\n\t\t\t\t\t\t\t\t<\/div>\n\t\t<\/div>\n\t\t<\/div>\n\t\t<\/div>\n\t\t\t\t\t\t<\/div>\n\t\t\t\t<\/div>\n\t\t\t\t\t<\/div>\n\t\t\t\t<\/div>\n\t\t\t\t<section class=\"elementor-section elementor-top-section elementor-element elementor-element-e85fdeb elementor-section-boxed elementor-section-height-default elementor-section-height-default\" data-id=\"e85fdeb\" data-element_type=\"section\" data-settings=\"{&quot;background_background&quot;:&quot;classic&quot;}\">\n\t\t\t\t\t\t<div class=\"elementor-container elementor-column-gap-extended\">\n\t\t\t\t\t<div class=\"elementor-column elementor-col-100 elementor-top-column elementor-element elementor-element-f3cf979\" data-id=\"f3cf979\" data-element_type=\"column\">\n\t\t\t<div class=\"elementor-widget-wrap elementor-element-populated\">\n\t\t\t\t\t\t<section class=\"elementor-section elementor-inner-section elementor-element elementor-element-a62a1fe elementor-section-full_width elementor-section-content-middle elementor-section-height-default elementor-section-height-default tf-parallax-no\" data-id=\"a62a1fe\" data-element_type=\"section\" data-settings=\"{&quot;background_background&quot;:&quot;classic&quot;}\">\n\t\t\t\t\t\t<div class=\"elementor-container elementor-column-gap-no\">\n\t\t\t\t\t<div class=\"elementor-column elementor-col-33 elementor-inner-column elementor-element elementor-element-83d32d6\" data-id=\"83d32d6\" data-element_type=\"column\">\n\t\t\t<div class=\"elementor-widget-wrap elementor-element-populated\">\n\t\t\t\t\t\t<div class=\"elementor-element elementor-element-e279822 elementor-widget elementor-widget-heading\" data-id=\"e279822\" data-element_type=\"widget\" data-widget_type=\"heading.default\">\n\t\t\t\t<div class=\"elementor-widget-container\">\n\t\t\t\t\t<h2 class=\"elementor-heading-title elementor-size-default\">Make an Appointment<\/h2>\t\t\t\t<\/div>\n\t\t\t\t<\/div>\n\t\t\t\t\t<\/div>\n\t\t<\/div>\n\t\t\t\t<div class=\"elementor-column elementor-col-33 elementor-inner-column elementor-element elementor-element-ee7123d\" data-id=\"ee7123d\" data-element_type=\"column\">\n\t\t\t<div class=\"elementor-widget-wrap elementor-element-populated\">\n\t\t\t\t\t\t<div class=\"elementor-element elementor-element-f8f6b1e elementor-view-stacked elementor-shape-circle elementor-widget elementor-widget-icon\" data-id=\"f8f6b1e\" data-element_type=\"widget\" data-widget_type=\"icon.default\">\n\t\t\t\t<div class=\"elementor-widget-container\">\n\t\t\t\t\t\t\t<div class=\"elementor-icon-wrapper\">\n\t\t\t<div class=\"elementor-icon elementor-animation-pulse\">\n\t\t\t<i aria-hidden=\"true\" class=\"carenowicon- carenow-icon-021-phone-1\"><\/i>\t\t\t<\/div>\n\t\t<\/div>\n\t\t\t\t\t\t<\/div>\n\t\t\t\t<\/div>\n\t\t\t\t\t<\/div>\n\t\t<\/div>\n\t\t\t\t<div class=\"elementor-column elementor-col-33 elementor-inner-column elementor-element elementor-element-fda50cd\" data-id=\"fda50cd\" data-element_type=\"column\">\n\t\t\t<div class=\"elementor-widget-wrap elementor-element-populated\">\n\t\t\t\t\t\t<div class=\"elementor-element elementor-element-f7571b4 elementor-widget elementor-widget-heading\" data-id=\"f7571b4\" data-element_type=\"widget\" data-widget_type=\"heading.default\">\n\t\t\t\t<div class=\"elementor-widget-container\">\n\t\t\t\t\t<h2 class=\"elementor-heading-title elementor-size-default\">Contact<\/h2>\t\t\t\t<\/div>\n\t\t\t\t<\/div>\n\t\t\t\t<div class=\"elementor-element elementor-element-6f5e78f elementor-widget__width-initial elementor-widget elementor-widget-heading\" data-id=\"6f5e78f\" data-element_type=\"widget\" data-widget_type=\"heading.default\">\n\t\t\t\t<div class=\"elementor-widget-container\">\n\t\t\t\t\t<h2 class=\"elementor-heading-title elementor-size-default\">Telephone: +902526164448<\/h2>\t\t\t\t<\/div>\n\t\t\t\t<\/div>\n\t\t\t\t\t<\/div>\n\t\t<\/div>\n\t\t\t\t\t<\/div>\n\t\t<\/section>\n\t\t\t\t\t<\/div>\n\t\t<\/div>\n\t\t\t\t\t<\/div>\n\t\t<\/section>\n\t\t\t\t<\/div>\n\t\t","protected":false},"excerpt":{"rendered":"<p>Private DOC Oral and Dental Health Polyclinic\/ Dental Operation Center Our founding physician, Dr. \u00d6zg\u00fcr Y\u00fcr\u00fck, combined his 17 years of professional experience with his expert dentist [&hellip;]<\/p>\n","protected":false},"author":2,"featured_media":0,"parent":0,"menu_order":0,"comment_status":"closed","ping_status":"closed","template":"","meta":{"inline_featured_image":false,"footnotes":""},"class_list":["post-6303","page","type-page","status-publish","hentry"],"_links":{"self":[{"href":"https:\/\/doc.com.tr\/en\/wp-json\/wp\/v2\/pages\/6303","targetHints":{"allow":["GET"]}}],"collection":[{"href":"https:\/\/doc.com.tr\/en\/wp-json\/wp\/v2\/pages"}],"about":[{"href":"https:\/\/doc.com.tr\/en\/wp-json\/wp\/v2\/types\/page"}],"author":[{"embeddable":true,"href":"https:\/\/doc.com.tr\/en\/wp-json\/wp\/v2\/users\/2"}],"replies":[{"embeddable":true,"href":"https:\/\/doc.com.tr\/en\/wp-json\/wp\/v2\/comments?post=6303"}],"version-history":[{"count":32,"href":"https:\/\/doc.com.tr\/en\/wp-json\/wp\/v2\/pages\/6303\/revisions"}],"predecessor-version":[{"id":6878,"href":"https:\/\/doc.com.tr\/en\/wp-json\/wp\/v2\/pages\/6303\/revisions\/6878"}],"wp:attachment":[{"href":"https:\/\/doc.com.tr\/en\/wp-json\/wp\/v2\/media?parent=6303"}],"curies":[{"name":"wp","href":"https:\/\/api.w.org\/{rel}","templated":true}]}}